{"id":4131,"date":"2024-04-18T09:56:56","date_gmt":"2024-04-18T07:56:56","guid":{"rendered":"https:\/\/aquaexpert.se\/?page_id=4131"},"modified":"2024-09-20T11:22:50","modified_gmt":"2024-09-20T09:22:50","slug":"about-us","status":"publish","type":"page","link":"https:\/\/aquaexpert.se\/en\/about-us\/","title":{"rendered":"About us"},"content":{"rendered":"<p>[et_pb_section fb_built=&#8221;1&#8243; admin_label=&#8221;Header&#8221; _builder_version=&#8221;4.24.2&#8243; _module_preset=&#8221;default&#8221; background_enable_color=&#8221;off&#8221; background_enable_image=&#8221;off&#8221; background_enable_video_mp4=&#8221;off&#8221; collapsed=&#8221;off&#8221; global_colors_info=&#8221;{}&#8221;][et_pb_row _builder_version=&#8221;4.24.2&#8243; _module_preset=&#8221;default&#8221; global_colors_info=&#8221;{}&#8221;][et_pb_column type=&#8221;4_4&#8243; _builder_version=&#8221;4.24.2&#8243; _module_preset=&#8221;default&#8221; global_colors_info=&#8221;{}&#8221;][et_pb_text _builder_version=&#8221;4.25.2&#8243; _module_preset=&#8221;_initial&#8221; text_font=&#8221;||||||||&#8221; text_text_color=&#8221;#24316a&#8221; text_font_size=&#8221;20px&#8221; header_font=&#8221;|700|||||||&#8221; header_text_color=&#8221;#24316a&#8221; header_font_size=&#8221;72px&#8221; header_line_height=&#8221;1.2em&#8221; header_font_size_tablet=&#8221;60px&#8221; header_font_size_phone=&#8221;40px&#8221; header_font_size_last_edited=&#8221;on|phone&#8221; global_colors_info=&#8221;{}&#8221;]<\/p>\n<p>ABOUT US<\/p>\n<h1>YOUR EXPERT IN NATURAL WATER PURIFICATION<\/h1>\n<p>[\/et_pb_text][\/et_pb_column][\/et_pb_row][et_pb_row column_structure=&#8221;1_2,1_2&#8243; make_equal=&#8221;on&#8221; _builder_version=&#8221;4.24.3&#8243; _module_preset=&#8221;default&#8221; custom_margin=&#8221;||||false|false&#8221; custom_padding=&#8221;0px||0px||true|false&#8221; locked=&#8221;off&#8221; global_colors_info=&#8221;{}&#8221;][et_pb_column type=&#8221;1_2&#8243; _builder_version=&#8221;4.24.2&#8243; _module_preset=&#8221;default&#8221; background_color=&#8221;#FFFFFF&#8221; global_colors_info=&#8221;{}&#8221;][et_pb_text _builder_version=&#8221;4.25.2&#8243; _module_preset=&#8221;default&#8221; text_font_size=&#8221;20px&#8221; text_line_height=&#8221;1.4em&#8221; custom_margin=&#8221;0px||0px||false|false&#8221; custom_padding=&#8221;0px||0px||false|false&#8221; global_colors_info=&#8221;{}&#8221;]<\/p>\n<h2>We sell our clean-water expertise<\/h2>\n<p>We are a comprehensive supplier of water purification products which both develops and produces water filter systems and pressure vessels made of stainless material.We can offer our customers a wide and reliable range of water filters with low maintenance costs.<\/p>\n<p>Aqua Expert has the confidence to under\u00adtake long-term work on development and continuous improvements, with the aim of optimising both our technology and the prices for you as a customer.<\/p>\n<p>[\/et_pb_text][\/et_pb_column][et_pb_column type=&#8221;1_2&#8243; _builder_version=&#8221;4.24.2&#8243; _module_preset=&#8221;default&#8221; background_color=&#8221;#24316a&#8221; global_colors_info=&#8221;{}&#8221;][et_pb_text _builder_version=&#8221;4.25.2&#8243; _module_preset=&#8221;default&#8221; text_text_color=&#8221;#FFFFFF&#8221; text_font_size=&#8221;20px&#8221; text_line_height=&#8221;1.4em&#8221; header_4_font=&#8221;|600|||||||&#8221; header_4_text_color=&#8221;#FFFFFF&#8221; custom_padding=&#8221;70px|70px|70px|70px|true|true&#8221; custom_padding_tablet=&#8221;60px|80px|60px|80px|true|true&#8221; custom_padding_phone=&#8221;40px|40px|40px|40px|true|true&#8221; custom_padding_last_edited=&#8221;on|phone&#8221; hover_enabled=&#8221;0&#8243; global_colors_info=&#8221;{}&#8221; sticky_enabled=&#8221;0&#8243;]<\/p>\n<ul>\n<li>Flexible organization with a large knowledge base and professional skills.<\/li>\n<li>Europa patented innovations.<\/li>\n<li>Own development and manufacturing<\/li>\n<li>Safe and fast deliveries.<\/li>\n<li>Support.<\/li>\n<\/ul>\n<p>[\/et_pb_text][\/et_pb_column][\/et_pb_row][et_pb_row column_structure=&#8221;2_5,3_5&#8243; make_equal=&#8221;on&#8221; _builder_version=&#8221;4.24.3&#8243; _module_preset=&#8221;default&#8221; global_colors_info=&#8221;{}&#8221;][et_pb_column type=&#8221;2_5&#8243; _builder_version=&#8221;4.24.3&#8243; _module_preset=&#8221;default&#8221; background_image=&#8221;https:\/\/aquaexpert.se\/wp-content\/uploads\/2024\/02\/great-view-from-an-abyss-2023-11-27-05-25-53-utc-blue-filter.jpg&#8221; custom_css_main_element=&#8221; min-height: 350px!important;|| display: block!important;&#8221; global_colors_info=&#8221;{}&#8221;][\/et_pb_column][et_pb_column type=&#8221;3_5&#8243; _builder_version=&#8221;4.24.2&#8243; _module_preset=&#8221;default&#8221; global_colors_info=&#8221;{}&#8221;][et_pb_text _builder_version=&#8221;4.25.2&#8243; _module_preset=&#8221;default&#8221; text_font_size=&#8221;20px&#8221; text_line_height=&#8221;1.4em&#8221; custom_margin=&#8221;0px||0px||false|false&#8221; custom_padding=&#8221;0px||0px||false|false&#8221; hover_enabled=&#8221;0&#8243; global_colors_info=&#8221;{}&#8221; sticky_enabled=&#8221;0&#8243;]<\/p>\n<h2>Company History<\/h2>\n<p>The company started as a sole proprietorship in 1970 and under the name V\u00e4xj\u00f6 Vattenrening In 1983 we became a limited company and the name was changed to G\u00f6ingefiltret AB.<\/p>\n<p>We took our current name \u2013 Aqua Expert AB \u2013 in 1989 at the same time as we moved into our current premises. The name G\u00f6ingefiltret is retained as a product name that lives on today. In 1997, we started the in-house manu\u00adfacture of stainless steel filters and pressure vessels, through Aqua Rostfritt AB. The parent company Aqua Expert AB and the subsidiary Aqua Rostfritt AB merged in 2001, and now Aqua Expert AB also handles the manufacture of the filter vessels.<\/p>\n<p>In the autumn of 2003, a generational change took place when the founder Bertil H\u00f6jer stood down and handed over the business to two of his sons, Patric Bolmgren and Martin H\u00f6jer.<\/p>\n<p>One of them, Martin H\u00f6jer, has been the sole owner since 2013 and was also CEO until 2019. When he decided to concentrate on the product development of new innovations based on clarity of vision, Rolf Mastenstrand took over the role of CEO. In 2016, the sister company FINECO AB started, for surface treatment of stainless products.<\/p>\n<p>[\/et_pb_text][\/et_pb_column][\/et_pb_row][et_pb_row column_structure=&#8221;1_4,1_4,1_4,1_4&#8243; _builder_version=&#8221;4.24.3&#8243; _module_preset=&#8221;default&#8221; background_color=&#8221;#24316a&#8221; global_colors_info=&#8221;{}&#8221;][et_pb_column type=&#8221;1_4&#8243; _builder_version=&#8221;4.24.3&#8243; _module_preset=&#8221;default&#8221; global_colors_info=&#8221;{}&#8221;][et_pb_text _builder_version=&#8221;4.25.2&#8243; _module_preset=&#8221;default&#8221; text_font=&#8221;|700||on|||||&#8221; text_text_color=&#8221;#FFFFFF&#8221; text_font_size=&#8221;20px&#8221; header_3_font=&#8221;|800|||||||&#8221; header_3_text_align=&#8221;center&#8221; header_3_text_color=&#8221;#799cb1&#8243; header_3_font_size=&#8221;200px&#8221; text_orientation=&#8221;center&#8221; global_colors_info=&#8221;{}&#8221;]<\/p>\n<h3>A<\/h3>\n<p>[\/et_pb_text][\/et_pb_column][et_pb_column type=&#8221;1_4&#8243; _builder_version=&#8221;4.24.3&#8243; _module_preset=&#8221;default&#8221; global_colors_info=&#8221;{}&#8221;][et_pb_text _builder_version=&#8221;4.25.2&#8243; _module_preset=&#8221;default&#8221; text_font=&#8221;|700||on|||||&#8221; text_text_color=&#8221;#FFFFFF&#8221; text_font_size=&#8221;20px&#8221; header_3_font=&#8221;|800|||||||&#8221; header_3_text_align=&#8221;center&#8221; header_3_text_color=&#8221;#799cb1&#8243; header_3_font_size=&#8221;200px&#8221; text_orientation=&#8221;center&#8221; global_colors_info=&#8221;{}&#8221;]<\/p>\n<h3>Q<\/h3>\n<p>[\/et_pb_text][\/et_pb_column][et_pb_column type=&#8221;1_4&#8243; _builder_version=&#8221;4.24.3&#8243; _module_preset=&#8221;default&#8221; global_colors_info=&#8221;{}&#8221;][et_pb_text _builder_version=&#8221;4.25.2&#8243; _module_preset=&#8221;default&#8221; text_font=&#8221;|700||on|||||&#8221; text_text_color=&#8221;#FFFFFF&#8221; text_font_size=&#8221;20px&#8221; header_3_font=&#8221;|800|||||||&#8221; header_3_text_align=&#8221;center&#8221; header_3_text_color=&#8221;#799cb1&#8243; header_3_font_size=&#8221;200px&#8221; text_orientation=&#8221;center&#8221; global_colors_info=&#8221;{}&#8221;]<\/p>\n<h3>U<\/h3>\n<p>[\/et_pb_text][\/et_pb_column][et_pb_column type=&#8221;1_4&#8243; _builder_version=&#8221;4.24.3&#8243; _module_preset=&#8221;default&#8221; global_colors_info=&#8221;{}&#8221;][et_pb_text _builder_version=&#8221;4.25.2&#8243; _module_preset=&#8221;default&#8221; text_font=&#8221;|700||on|||||&#8221; text_text_color=&#8221;#FFFFFF&#8221; text_font_size=&#8221;20px&#8221; header_3_font=&#8221;|800|||||||&#8221; header_3_text_align=&#8221;center&#8221; header_3_text_color=&#8221;#799cb1&#8243; header_3_font_size=&#8221;200px&#8221; text_orientation=&#8221;center&#8221; global_colors_info=&#8221;{}&#8221;]<\/p>\n<h3>A<\/h3>\n<p>[\/et_pb_text][\/et_pb_column][\/et_pb_row][\/et_pb_section]<\/p>\n","protected":false},"excerpt":{"rendered":"<p>ABOUT US YOUR EXPERT IN NATURAL WATER PURIFICATIONWe sell our clean-water expertise We are a comprehensive supplier of water purification products which both develops and produces water filter systems and pressure vessels made of stainless material.We can offer our customers a wide and reliable range of water filters with low maintenance costs. Aqua Expert has [&hellip;]<\/p>\n","protected":false},"author":2,"featured_media":0,"parent":0,"menu_order":0,"comment_status":"closed","ping_status":"closed","template":"","meta":{"_acf_changed":false,"_et_pb_use_builder":"on","_et_pb_old_content":"","_et_gb_content_width":"","footnotes":""},"class_list":["post-4131","page","type-page","status-publish","hentry"],"acf":[],"yoast_head":"<!-- This site is optimized with the Yoast SEO plugin v27.4 - https:\/\/yoast.com\/product\/yoast-seo-wordpress\/ -->\n<title>About us - Aqua Expert<\/title>\n<meta name=\"robots\" content=\"index, follow, max-snippet:-1, max-image-preview:large, max-video-preview:-1\" \/>\n<link rel=\"canonical\" href=\"https:\/\/aquaexpert.se\/en\/about-us\/\" \/>\n<meta property=\"og:locale\" content=\"en_US\" \/>\n<meta property=\"og:type\" content=\"article\" \/>\n<meta property=\"og:title\" content=\"About us - Aqua Expert\" \/>\n<meta property=\"og:description\" content=\"ABOUT US YOUR EXPERT IN NATURAL WATER PURIFICATIONWe sell our clean-water expertise We are a comprehensive supplier of water purification products which both develops and produces water filter systems and pressure vessels made of stainless material.We can offer our customers a wide and reliable range of water filters with low maintenance costs. Aqua Expert has [&hellip;]\" \/>\n<meta property=\"og:url\" content=\"https:\/\/aquaexpert.se\/en\/about-us\/\" \/>\n<meta property=\"og:site_name\" content=\"Aqua Expert\" \/>\n<meta property=\"article:modified_time\" content=\"2024-09-20T09:22:50+00:00\" \/>\n<meta name=\"twitter:card\" content=\"summary_large_image\" \/>\n<meta name=\"twitter:label1\" content=\"Est. reading time\" \/>\n\t<meta name=\"twitter:data1\" content=\"2 minutes\" \/>\n<script type=\"application\/ld+json\" class=\"yoast-schema-graph\">{\"@context\":\"https:\\\/\\\/schema.org\",\"@graph\":[{\"@type\":\"WebPage\",\"@id\":\"https:\\\/\\\/aquaexpert.se\\\/en\\\/about-us\\\/\",\"url\":\"https:\\\/\\\/aquaexpert.se\\\/en\\\/about-us\\\/\",\"name\":\"About us - Aqua Expert\",\"isPartOf\":{\"@id\":\"https:\\\/\\\/aquaexpert.se\\\/#website\"},\"datePublished\":\"2024-04-18T07:56:56+00:00\",\"dateModified\":\"2024-09-20T09:22:50+00:00\",\"breadcrumb\":{\"@id\":\"https:\\\/\\\/aquaexpert.se\\\/en\\\/about-us\\\/#breadcrumb\"},\"inLanguage\":\"en-US\",\"potentialAction\":[{\"@type\":\"ReadAction\",\"target\":[\"https:\\\/\\\/aquaexpert.se\\\/en\\\/about-us\\\/\"]}]},{\"@type\":\"BreadcrumbList\",\"@id\":\"https:\\\/\\\/aquaexpert.se\\\/en\\\/about-us\\\/#breadcrumb\",\"itemListElement\":[{\"@type\":\"ListItem\",\"position\":1,\"name\":\"Hem\",\"item\":\"https:\\\/\\\/aquaexpert.se\\\/en\\\/\"},{\"@type\":\"ListItem\",\"position\":2,\"name\":\"About us\"}]},{\"@type\":\"WebSite\",\"@id\":\"https:\\\/\\\/aquaexpert.se\\\/#website\",\"url\":\"https:\\\/\\\/aquaexpert.se\\\/\",\"name\":\"Aqua Expert\",\"description\":\"Vattenrening och Vattenfilter\",\"potentialAction\":[{\"@type\":\"SearchAction\",\"target\":{\"@type\":\"EntryPoint\",\"urlTemplate\":\"https:\\\/\\\/aquaexpert.se\\\/?s={search_term_string}\"},\"query-input\":{\"@type\":\"PropertyValueSpecification\",\"valueRequired\":true,\"valueName\":\"search_term_string\"}}],\"inLanguage\":\"en-US\"}]}<\/script>\n<!-- \/ Yoast SEO plugin. -->","yoast_head_json":{"title":"About us - Aqua Expert","robots":{"index":"index","follow":"follow","max-snippet":"max-snippet:-1","max-image-preview":"max-image-preview:large","max-video-preview":"max-video-preview:-1"},"canonical":"https:\/\/aquaexpert.se\/en\/about-us\/","og_locale":"en_US","og_type":"article","og_title":"About us - Aqua Expert","og_description":"ABOUT US YOUR EXPERT IN NATURAL WATER PURIFICATIONWe sell our clean-water expertise We are a comprehensive supplier of water purification products which both develops and produces water filter systems and pressure vessels made of stainless material.We can offer our customers a wide and reliable range of water filters with low maintenance costs. Aqua Expert has [&hellip;]","og_url":"https:\/\/aquaexpert.se\/en\/about-us\/","og_site_name":"Aqua Expert","article_modified_time":"2024-09-20T09:22:50+00:00","twitter_card":"summary_large_image","twitter_misc":{"Est. reading time":"2 minutes"},"schema":{"@context":"https:\/\/schema.org","@graph":[{"@type":"WebPage","@id":"https:\/\/aquaexpert.se\/en\/about-us\/","url":"https:\/\/aquaexpert.se\/en\/about-us\/","name":"About us - Aqua Expert","isPartOf":{"@id":"https:\/\/aquaexpert.se\/#website"},"datePublished":"2024-04-18T07:56:56+00:00","dateModified":"2024-09-20T09:22:50+00:00","breadcrumb":{"@id":"https:\/\/aquaexpert.se\/en\/about-us\/#breadcrumb"},"inLanguage":"en-US","potentialAction":[{"@type":"ReadAction","target":["https:\/\/aquaexpert.se\/en\/about-us\/"]}]},{"@type":"BreadcrumbList","@id":"https:\/\/aquaexpert.se\/en\/about-us\/#breadcrumb","itemListElement":[{"@type":"ListItem","position":1,"name":"Hem","item":"https:\/\/aquaexpert.se\/en\/"},{"@type":"ListItem","position":2,"name":"About us"}]},{"@type":"WebSite","@id":"https:\/\/aquaexpert.se\/#website","url":"https:\/\/aquaexpert.se\/","name":"Aqua Expert","description":"Vattenrening och Vattenfilter","potentialAction":[{"@type":"SearchAction","target":{"@type":"EntryPoint","urlTemplate":"https:\/\/aquaexpert.se\/?s={search_term_string}"},"query-input":{"@type":"PropertyValueSpecification","valueRequired":true,"valueName":"search_term_string"}}],"inLanguage":"en-US"}]}},"_links":{"self":[{"href":"https:\/\/aquaexpert.se\/en\/wp-json\/wp\/v2\/pages\/4131","targetHints":{"allow":["GET"]}}],"collection":[{"href":"https:\/\/aquaexpert.se\/en\/wp-json\/wp\/v2\/pages"}],"about":[{"href":"https:\/\/aquaexpert.se\/en\/wp-json\/wp\/v2\/types\/page"}],"author":[{"embeddable":true,"href":"https:\/\/aquaexpert.se\/en\/wp-json\/wp\/v2\/users\/2"}],"replies":[{"embeddable":true,"href":"https:\/\/aquaexpert.se\/en\/wp-json\/wp\/v2\/comments?post=4131"}],"version-history":[{"count":17,"href":"https:\/\/aquaexpert.se\/en\/wp-json\/wp\/v2\/pages\/4131\/revisions"}],"predecessor-version":[{"id":4740,"href":"https:\/\/aquaexpert.se\/en\/wp-json\/wp\/v2\/pages\/4131\/revisions\/4740"}],"wp:attachment":[{"href":"https:\/\/aquaexpert.se\/en\/wp-json\/wp\/v2\/media?parent=4131"}],"curies":[{"name":"wp","href":"https:\/\/api.w.org\/{rel}","templated":true}]}}